{"id":408,"date":"2017-12-06T11:59:42","date_gmt":"2017-12-06T10:59:42","guid":{"rendered":"https:\/\/laitacherhof.it\/klausencard\/"},"modified":"2024-09-17T12:24:42","modified_gmt":"2024-09-17T10:24:42","slug":"chiusa-card","status":"publish","type":"page","link":"https:\/\/www.laitacherhof.it\/it\/chiusa-card\/","title":{"rendered":"Alto Adige Guest Pass"},"content":{"rendered":"<h1>Alto Adige Guest Pass in omaggio!<\/h1>\n<p>Prenotando un soggiorno negli appartamenti vacanze del Residence Laitacherhof riceverete in omaggio il Alto Adige Guest Pass, la carta vantaggi che vi d\u00e0 diritto a numerosi sconti e agevolazioni. Potrete esplorare l\u2019Alto Adige viaggiando gratuitamente sui mezzi pubblici, ottenere un ingresso gratuito in pi\u00f9 di 90 musei e altro ancora!<\/p>\n<p style=\"text-align: center;\">Al perfezionamento del contratto di soggiorno, l&#8217;ospite ricever\u00e0 il S\u00fcdtirol Alto Adige Guest Pass (di seguito Guest Pass), valido per tutta la durata del soggiorno e dalle ore 0:00 del giorno di arrivo alle ore 24:00 del giorno di partenza, ai sensi della Delibera della Giunta Provinciale dell&#8217;Alto Adige n. 732\/2022.<br \/>\n\u2022<br \/>\nLa carta ospiti comprende l&#8217;utilizzo di tutti i mezzi di trasporto pubblico all&#8217;interno dell&#8217;area della rete denominata \u201cs\u00fcdtirolmobil\u201d e ulteriori servizi aggiuntivi, che variano a seconda dell&#8217;organizzazione turistica. Informazioni dettagliate sono disponibili sul sito: suedtirol-guestpass.info<br \/>\n\u2022<br \/>\nL&#8217;unico fornitore in Alto Adige del Guest Pass \u00e8 il Consorzio Mobilit\u00e0, nominato come ente unico di coordinamento in conformit\u00e0 con la delibera della Giunta Provinciale sopra citata. I dettagli dei servizi aggiuntivi associati al Guest Pass e le condizioni di utilizzo dello stesso sono comunicati dal soggetto terzo responsabile dell&#8217;emissione e della gestione del Guest Pass. Informazioni dettagliate sono disponibili all&#8217;indirizzo: suedtirol-guestpass.info<\/p>\n<p style=\"text-align: center;\">Finalit\u00e0<br \/>\nI dati personali forniti saranno trasmessi al Centro Unico di Coordinamento Carte Ospiti al fine di consentire la creazione e l&#8217;utilizzo del Guest Pass e l&#8217;erogazione dei relativi servizi.<br \/>\n\u25aa<br \/>\nDestinatario<br \/>\nIn relazione al rilascio del Guest Pass, i suoi dati saranno trasmessi al Consorzio Mobilit\u00e0, con partita IVA 02735170215 che, in qualit\u00e0 di titolare della carta ospite e centro unico di coordinamento, agisce come autonomo titolare del trattamento dei dati trasmessi. Per maggiori informazioni sul trattamento a cui sono sottoposti i dati, \u00e8 possibile inviare una e-mail a privacy@moko.bz.it.<br \/>\n\u25aa<br \/>\nBase giuridica<br \/>\nLa base giuridica del trattamento \u00e8 l&#8217;art. 6 (1) (b) del GDPR.<\/p>\n<p><img loading=\"lazy\" class=\"gaestekarte alignnone wp-image-1611 size-medium\" src=\"https:\/\/www.laitacherhof.it\/wp-content\/uploads\/2023-10_mobilcard-2023-1-1-300x189.png\" alt=\"\" width=\"300\" height=\"189\" srcset=\"https:\/\/www.laitacherhof.it\/wp-content\/uploads\/2023-10_mobilcard-2023-1-1-300x189.png 300w, https:\/\/www.laitacherhof.it\/wp-content\/uploads\/2023-10_mobilcard-2023-1-1-768x484.png 768w, https:\/\/www.laitacherhof.it\/wp-content\/uploads\/2023-10_mobilcard-2023-1-1-232x146.png 232w, https:\/\/www.laitacherhof.it\/wp-content\/uploads\/2023-10_mobilcard-2023-1-1-50x31.png 50w, https:\/\/www.laitacherhof.it\/wp-content\/uploads\/2023-10_mobilcard-2023-1-1-119x75.png 119w, https:\/\/www.laitacherhof.it\/wp-content\/uploads\/2023-10_mobilcard-2023-1-1.png 1013w\" sizes=\"(max-width: 300px) 100vw, 300px\" \/><\/p>\n","protected":false},"excerpt":{"rendered":"<p>Alto Adige Guest Pass in omaggio! Prenotando un soggiorno negli appartamenti vacanze del Residence Laitacherhof riceverete in omaggio il Alto Adige Guest Pass, la carta vantaggi<span class=\"excerpt-hellip\"> [\u2026]<\/span><\/p>\n","protected":false},"author":1,"featured_media":0,"parent":0,"menu_order":0,"comment_status":"closed","ping_status":"closed","template":"","meta":[],"yoast_head":"<!-- This site is optimized with the Yoast SEO plugin v19.7.1 - https:\/\/yoast.com\/wordpress\/plugins\/seo\/ -->\n<title>Il Residence Laitacherhof regala la Chiusa Card<\/title>\n<meta name=\"description\" content=\"Prenotate un soggiorno al Residence Laitacherhof: riceverete in omaggio la Chiusa Card\u2026 tanti vantaggi in un\u2019unica carta!\" \/>\n<meta name=\"robots\" content=\"index, follow, max-snippet:-1, max-image-preview:large, max-video-preview:-1\" \/>\n<link rel=\"canonical\" href=\"https:\/\/www.laitacherhof.it\/it\/chiusa-card\/\" \/>\n<meta name=\"twitter:label1\" content=\"Tempo di lettura stimato\" \/>\n\t<meta name=\"twitter:data1\" content=\"2 minuti\" \/>\n<script type=\"application\/ld+json\" class=\"yoast-schema-graph\">{\"@context\":\"https:\/\/schema.org\",\"@graph\":[{\"@type\":\"WebPage\",\"@id\":\"https:\/\/www.laitacherhof.it\/it\/chiusa-card\/\",\"url\":\"https:\/\/www.laitacherhof.it\/it\/chiusa-card\/\",\"name\":\"Il Residence Laitacherhof regala la Chiusa Card\",\"isPartOf\":{\"@id\":\"https:\/\/www.laitacherhof.it\/#website\"},\"datePublished\":\"2017-12-06T10:59:42+00:00\",\"dateModified\":\"2024-09-17T10:24:42+00:00\",\"description\":\"Prenotate un soggiorno al Residence Laitacherhof: riceverete in omaggio la Chiusa Card\u2026 tanti vantaggi in un\u2019unica carta!\",\"breadcrumb\":{\"@id\":\"https:\/\/www.laitacherhof.it\/it\/chiusa-card\/#breadcrumb\"},\"inLanguage\":\"it-IT\",\"potentialAction\":[{\"@type\":\"ReadAction\",\"target\":[\"https:\/\/www.laitacherhof.it\/it\/chiusa-card\/\"]}]},{\"@type\":\"BreadcrumbList\",\"@id\":\"https:\/\/www.laitacherhof.it\/it\/chiusa-card\/#breadcrumb\",\"itemListElement\":[{\"@type\":\"ListItem\",\"position\":1,\"name\":\"Startseite\",\"item\":\"https:\/\/www.laitacherhof.it\/it\/\"},{\"@type\":\"ListItem\",\"position\":2,\"name\":\"Alto Adige Guest Pass\"}]},{\"@type\":\"WebSite\",\"@id\":\"https:\/\/www.laitacherhof.it\/#website\",\"url\":\"https:\/\/www.laitacherhof.it\/\",\"name\":\"Laitacherhof\",\"description\":\"Urlaub in S\u00fcdtirol\",\"publisher\":{\"@id\":\"https:\/\/www.laitacherhof.it\/#organization\"},\"potentialAction\":[{\"@type\":\"SearchAction\",\"target\":{\"@type\":\"EntryPoint\",\"urlTemplate\":\"https:\/\/www.laitacherhof.it\/?s={search_term_string}\"},\"query-input\":\"required name=search_term_string\"}],\"inLanguage\":\"it-IT\"},{\"@type\":\"Organization\",\"@id\":\"https:\/\/www.laitacherhof.it\/#organization\",\"name\":\"Residence Laitacherhof\",\"url\":\"https:\/\/www.laitacherhof.it\/\",\"sameAs\":[],\"logo\":{\"@type\":\"ImageObject\",\"inLanguage\":\"it-IT\",\"@id\":\"https:\/\/www.laitacherhof.it\/#\/schema\/logo\/image\/\",\"url\":\"https:\/\/www.laitacherhof.it\/wp-content\/uploads\/laitacherhof-logo-sw-e1509022359795.png\",\"contentUrl\":\"https:\/\/www.laitacherhof.it\/wp-content\/uploads\/laitacherhof-logo-sw-e1509022359795.png\",\"width\":396,\"height\":260,\"caption\":\"Residence Laitacherhof\"},\"image\":{\"@id\":\"https:\/\/www.laitacherhof.it\/#\/schema\/logo\/image\/\"}}]}<\/script>\n<!-- \/ Yoast SEO plugin. -->","yoast_head_json":{"title":"Il Residence Laitacherhof regala la Chiusa Card","description":"Prenotate un soggiorno al Residence Laitacherhof: riceverete in omaggio la Chiusa Card\u2026 tanti vantaggi in un\u2019unica carta!","robots":{"index":"index","follow":"follow","max-snippet":"max-snippet:-1","max-image-preview":"max-image-preview:large","max-video-preview":"max-video-preview:-1"},"canonical":"https:\/\/www.laitacherhof.it\/it\/chiusa-card\/","twitter_misc":{"Tempo di lettura stimato":"2 minuti"},"schema":{"@context":"https:\/\/schema.org","@graph":[{"@type":"WebPage","@id":"https:\/\/www.laitacherhof.it\/it\/chiusa-card\/","url":"https:\/\/www.laitacherhof.it\/it\/chiusa-card\/","name":"Il Residence Laitacherhof regala la Chiusa Card","isPartOf":{"@id":"https:\/\/www.laitacherhof.it\/#website"},"datePublished":"2017-12-06T10:59:42+00:00","dateModified":"2024-09-17T10:24:42+00:00","description":"Prenotate un soggiorno al Residence Laitacherhof: riceverete in omaggio la Chiusa Card\u2026 tanti vantaggi in un\u2019unica carta!","breadcrumb":{"@id":"https:\/\/www.laitacherhof.it\/it\/chiusa-card\/#breadcrumb"},"inLanguage":"it-IT","potentialAction":[{"@type":"ReadAction","target":["https:\/\/www.laitacherhof.it\/it\/chiusa-card\/"]}]},{"@type":"BreadcrumbList","@id":"https:\/\/www.laitacherhof.it\/it\/chiusa-card\/#breadcrumb","itemListElement":[{"@type":"ListItem","position":1,"name":"Startseite","item":"https:\/\/www.laitacherhof.it\/it\/"},{"@type":"ListItem","position":2,"name":"Alto Adige Guest Pass"}]},{"@type":"WebSite","@id":"https:\/\/www.laitacherhof.it\/#website","url":"https:\/\/www.laitacherhof.it\/","name":"Laitacherhof","description":"Urlaub in S\u00fcdtirol","publisher":{"@id":"https:\/\/www.laitacherhof.it\/#organization"},"potentialAction":[{"@type":"SearchAction","target":{"@type":"EntryPoint","urlTemplate":"https:\/\/www.laitacherhof.it\/?s={search_term_string}"},"query-input":"required name=search_term_string"}],"inLanguage":"it-IT"},{"@type":"Organization","@id":"https:\/\/www.laitacherhof.it\/#organization","name":"Residence Laitacherhof","url":"https:\/\/www.laitacherhof.it\/","sameAs":[],"logo":{"@type":"ImageObject","inLanguage":"it-IT","@id":"https:\/\/www.laitacherhof.it\/#\/schema\/logo\/image\/","url":"https:\/\/www.laitacherhof.it\/wp-content\/uploads\/laitacherhof-logo-sw-e1509022359795.png","contentUrl":"https:\/\/www.laitacherhof.it\/wp-content\/uploads\/laitacherhof-logo-sw-e1509022359795.png","width":396,"height":260,"caption":"Residence Laitacherhof"},"image":{"@id":"https:\/\/www.laitacherhof.it\/#\/schema\/logo\/image\/"}}]}},"_links":{"self":[{"href":"https:\/\/www.laitacherhof.it\/it\/wp-json\/wp\/v2\/pages\/408"}],"collection":[{"href":"https:\/\/www.laitacherhof.it\/it\/wp-json\/wp\/v2\/pages"}],"about":[{"href":"https:\/\/www.laitacherhof.it\/it\/wp-json\/wp\/v2\/types\/page"}],"author":[{"embeddable":true,"href":"https:\/\/www.laitacherhof.it\/it\/wp-json\/wp\/v2\/users\/1"}],"replies":[{"embeddable":true,"href":"https:\/\/www.laitacherhof.it\/it\/wp-json\/wp\/v2\/comments?post=408"}],"version-history":[{"count":8,"href":"https:\/\/www.laitacherhof.it\/it\/wp-json\/wp\/v2\/pages\/408\/revisions"}],"predecessor-version":[{"id":1713,"href":"https:\/\/www.laitacherhof.it\/it\/wp-json\/wp\/v2\/pages\/408\/revisions\/1713"}],"wp:attachment":[{"href":"https:\/\/www.laitacherhof.it\/it\/wp-json\/wp\/v2\/media?parent=408"}],"curies":[{"name":"wp","href":"https:\/\/api.w.org\/{rel}","templated":true}]}}