{"id":447,"date":"2017-12-06T16:56:43","date_gmt":"2017-12-06T15:56:43","guid":{"rendered":"https:\/\/laitacherhof.it\/danke\/"},"modified":"2018-08-07T14:16:50","modified_gmt":"2018-08-07T12:16:50","slug":"danke","status":"publish","type":"page","link":"https:\/\/www.laitacherhof.it\/it\/danke\/","title":{"rendered":"Danke"},"content":{"rendered":"<p><img loading=\"lazy\" class=\"apfelhome aligncenter wp-image-28\" src=\"https:\/\/www.laitacherhof.it\/wp-content\/uploads\/apfel-logo-braun-laitacherhof-klausen.png\" alt=\"\" width=\"100\" height=\"68\" srcset=\"https:\/\/www.laitacherhof.it\/wp-content\/uploads\/apfel-logo-braun-laitacherhof-klausen.png 208w, https:\/\/www.laitacherhof.it\/wp-content\/uploads\/apfel-logo-braun-laitacherhof-klausen-50x34.png 50w, https:\/\/www.laitacherhof.it\/wp-content\/uploads\/apfel-logo-braun-laitacherhof-klausen-110x75.png 110w\" sizes=\"(max-width: 100px) 100vw, 100px\" \/><\/p>\n<h1>Grazie per la vorstra richiesta<\/h1>\n<p>Nelle prossime ore ti mandiamo un offerta per la tua vacanza<strong>.<\/strong><\/p>\n<p>a presto &#8230;<\/p>\n<p>Famiglia Schenk \u2013 Gasser<\/p>\n<p><!-- Event snippet for Anfrage conversion page --><br \/>\n<script>\n  gtag('event', 'conversion', {\n      'send_to': 'AW-820370007\/SizXCJSLvXsQ17SXhwM',\n      'value': 20.0,\n      'currency': 'EUR'\n  });\n<\/script><\/p>\n","protected":false},"excerpt":{"rendered":"<p>Grazie per la vorstra richiesta Nelle prossime ore ti mandiamo un offerta per la tua vacanza. a presto &#8230; Famiglia Schenk \u2013 Gasser<\/p>\n","protected":false},"author":1,"featured_media":0,"parent":0,"menu_order":0,"comment_status":"closed","ping_status":"closed","template":"","meta":[],"yoast_head":"<!-- This site is optimized with the Yoast SEO plugin v19.7.1 - https:\/\/yoast.com\/wordpress\/plugins\/seo\/ -->\n<title>Residence Laitacherhof in Klausen \u2013 Anreise ins Eisacktal<\/title>\n<meta name=\"description\" content=\"Residence Laitacherhof: Neue Ferienwohnungen mit Schwimmbad und Sauna bei Klausen, im Herzen S\u00fcdtirols. Der ideale Startpunkt f\u00fcr Ausfl\u00fcge in ganz S\u00fcdtirol!\" \/>\n<meta name=\"robots\" content=\"index, follow, max-snippet:-1, max-image-preview:large, max-video-preview:-1\" \/>\n<link rel=\"canonical\" href=\"https:\/\/www.laitacherhof.it\/it\/danke\/\" \/>\n<script type=\"application\/ld+json\" class=\"yoast-schema-graph\">{\"@context\":\"https:\/\/schema.org\",\"@graph\":[{\"@type\":\"WebPage\",\"@id\":\"https:\/\/www.laitacherhof.it\/it\/danke\/\",\"url\":\"https:\/\/www.laitacherhof.it\/it\/danke\/\",\"name\":\"Residence Laitacherhof in Klausen \u2013 Anreise ins Eisacktal\",\"isPartOf\":{\"@id\":\"https:\/\/www.laitacherhof.it\/#website\"},\"datePublished\":\"2017-12-06T15:56:43+00:00\",\"dateModified\":\"2018-08-07T12:16:50+00:00\",\"description\":\"Residence Laitacherhof: Neue Ferienwohnungen mit Schwimmbad und Sauna bei Klausen, im Herzen S\u00fcdtirols. Der ideale Startpunkt f\u00fcr Ausfl\u00fcge in ganz S\u00fcdtirol!\",\"breadcrumb\":{\"@id\":\"https:\/\/www.laitacherhof.it\/it\/danke\/#breadcrumb\"},\"inLanguage\":\"it-IT\",\"potentialAction\":[{\"@type\":\"ReadAction\",\"target\":[\"https:\/\/www.laitacherhof.it\/it\/danke\/\"]}]},{\"@type\":\"BreadcrumbList\",\"@id\":\"https:\/\/www.laitacherhof.it\/it\/danke\/#breadcrumb\",\"itemListElement\":[{\"@type\":\"ListItem\",\"position\":1,\"name\":\"Startseite\",\"item\":\"https:\/\/www.laitacherhof.it\/it\/\"},{\"@type\":\"ListItem\",\"position\":2,\"name\":\"Danke\"}]},{\"@type\":\"WebSite\",\"@id\":\"https:\/\/www.laitacherhof.it\/#website\",\"url\":\"https:\/\/www.laitacherhof.it\/\",\"name\":\"Laitacherhof\",\"description\":\"Urlaub in S\u00fcdtirol\",\"publisher\":{\"@id\":\"https:\/\/www.laitacherhof.it\/#organization\"},\"potentialAction\":[{\"@type\":\"SearchAction\",\"target\":{\"@type\":\"EntryPoint\",\"urlTemplate\":\"https:\/\/www.laitacherhof.it\/?s={search_term_string}\"},\"query-input\":\"required name=search_term_string\"}],\"inLanguage\":\"it-IT\"},{\"@type\":\"Organization\",\"@id\":\"https:\/\/www.laitacherhof.it\/#organization\",\"name\":\"Residence Laitacherhof\",\"url\":\"https:\/\/www.laitacherhof.it\/\",\"sameAs\":[],\"logo\":{\"@type\":\"ImageObject\",\"inLanguage\":\"it-IT\",\"@id\":\"https:\/\/www.laitacherhof.it\/#\/schema\/logo\/image\/\",\"url\":\"https:\/\/www.laitacherhof.it\/wp-content\/uploads\/laitacherhof-logo-sw-e1509022359795.png\",\"contentUrl\":\"https:\/\/www.laitacherhof.it\/wp-content\/uploads\/laitacherhof-logo-sw-e1509022359795.png\",\"width\":396,\"height\":260,\"caption\":\"Residence Laitacherhof\"},\"image\":{\"@id\":\"https:\/\/www.laitacherhof.it\/#\/schema\/logo\/image\/\"}}]}<\/script>\n<!-- \/ Yoast SEO plugin. -->","yoast_head_json":{"title":"Residence Laitacherhof in Klausen \u2013 Anreise ins Eisacktal","description":"Residence Laitacherhof: Neue Ferienwohnungen mit Schwimmbad und Sauna bei Klausen, im Herzen S\u00fcdtirols. Der ideale Startpunkt f\u00fcr Ausfl\u00fcge in ganz S\u00fcdtirol!","robots":{"index":"index","follow":"follow","max-snippet":"max-snippet:-1","max-image-preview":"max-image-preview:large","max-video-preview":"max-video-preview:-1"},"canonical":"https:\/\/www.laitacherhof.it\/it\/danke\/","schema":{"@context":"https:\/\/schema.org","@graph":[{"@type":"WebPage","@id":"https:\/\/www.laitacherhof.it\/it\/danke\/","url":"https:\/\/www.laitacherhof.it\/it\/danke\/","name":"Residence Laitacherhof in Klausen \u2013 Anreise ins Eisacktal","isPartOf":{"@id":"https:\/\/www.laitacherhof.it\/#website"},"datePublished":"2017-12-06T15:56:43+00:00","dateModified":"2018-08-07T12:16:50+00:00","description":"Residence Laitacherhof: Neue Ferienwohnungen mit Schwimmbad und Sauna bei Klausen, im Herzen S\u00fcdtirols. Der ideale Startpunkt f\u00fcr Ausfl\u00fcge in ganz S\u00fcdtirol!","breadcrumb":{"@id":"https:\/\/www.laitacherhof.it\/it\/danke\/#breadcrumb"},"inLanguage":"it-IT","potentialAction":[{"@type":"ReadAction","target":["https:\/\/www.laitacherhof.it\/it\/danke\/"]}]},{"@type":"BreadcrumbList","@id":"https:\/\/www.laitacherhof.it\/it\/danke\/#breadcrumb","itemListElement":[{"@type":"ListItem","position":1,"name":"Startseite","item":"https:\/\/www.laitacherhof.it\/it\/"},{"@type":"ListItem","position":2,"name":"Danke"}]},{"@type":"WebSite","@id":"https:\/\/www.laitacherhof.it\/#website","url":"https:\/\/www.laitacherhof.it\/","name":"Laitacherhof","description":"Urlaub in S\u00fcdtirol","publisher":{"@id":"https:\/\/www.laitacherhof.it\/#organization"},"potentialAction":[{"@type":"SearchAction","target":{"@type":"EntryPoint","urlTemplate":"https:\/\/www.laitacherhof.it\/?s={search_term_string}"},"query-input":"required name=search_term_string"}],"inLanguage":"it-IT"},{"@type":"Organization","@id":"https:\/\/www.laitacherhof.it\/#organization","name":"Residence Laitacherhof","url":"https:\/\/www.laitacherhof.it\/","sameAs":[],"logo":{"@type":"ImageObject","inLanguage":"it-IT","@id":"https:\/\/www.laitacherhof.it\/#\/schema\/logo\/image\/","url":"https:\/\/www.laitacherhof.it\/wp-content\/uploads\/laitacherhof-logo-sw-e1509022359795.png","contentUrl":"https:\/\/www.laitacherhof.it\/wp-content\/uploads\/laitacherhof-logo-sw-e1509022359795.png","width":396,"height":260,"caption":"Residence Laitacherhof"},"image":{"@id":"https:\/\/www.laitacherhof.it\/#\/schema\/logo\/image\/"}}]}},"_links":{"self":[{"href":"https:\/\/www.laitacherhof.it\/it\/wp-json\/wp\/v2\/pages\/447"}],"collection":[{"href":"https:\/\/www.laitacherhof.it\/it\/wp-json\/wp\/v2\/pages"}],"about":[{"href":"https:\/\/www.laitacherhof.it\/it\/wp-json\/wp\/v2\/types\/page"}],"author":[{"embeddable":true,"href":"https:\/\/www.laitacherhof.it\/it\/wp-json\/wp\/v2\/users\/1"}],"replies":[{"embeddable":true,"href":"https:\/\/www.laitacherhof.it\/it\/wp-json\/wp\/v2\/comments?post=447"}],"version-history":[{"count":3,"href":"https:\/\/www.laitacherhof.it\/it\/wp-json\/wp\/v2\/pages\/447\/revisions"}],"predecessor-version":[{"id":759,"href":"https:\/\/www.laitacherhof.it\/it\/wp-json\/wp\/v2\/pages\/447\/revisions\/759"}],"wp:attachment":[{"href":"https:\/\/www.laitacherhof.it\/it\/wp-json\/wp\/v2\/media?parent=447"}],"curies":[{"name":"wp","href":"https:\/\/api.w.org\/{rel}","templated":true}]}}