{"id":657,"date":"2018-05-25T10:55:14","date_gmt":"2018-05-25T08:55:14","guid":{"rendered":"https:\/\/laitacherhof.it\/ferienwohnungen-typ-a\/"},"modified":"2019-04-09T14:50:19","modified_gmt":"2019-04-09T12:50:19","slug":"appartamenti-typ-a","status":"publish","type":"page","link":"https:\/\/www.laitacherhof.it\/it\/appartamenti-typ-a\/","title":{"rendered":"Appartamenti Typ A"},"content":{"rendered":"<h1>I nostri appartamenti Typ A<\/h1>\n<p>Questi spaziosi appartamenti situati sul lato anteriore dell\u2019edificio offrono fino a 50 m\u00b2 di spazio per accogliere da 2 a 4 persone e dispongono di terrazza o balcone.<\/p>\n<p>L\u2019appartamento S\u00e4ben \u00e8 privo di barriere architettoniche e adatto al soggiorno di ospiti con ridotta mobilit\u00e0.<\/p>\n<p><img loading=\"lazy\" class=\"aligncenter wp-image-28\" src=\"https:\/\/www.laitacherhof.it\/wp-content\/uploads\/apfel-logo-braun-laitacherhof-klausen.png\" alt=\"\" width=\"100\" height=\"68\" srcset=\"https:\/\/www.laitacherhof.it\/wp-content\/uploads\/apfel-logo-braun-laitacherhof-klausen.png 208w, https:\/\/www.laitacherhof.it\/wp-content\/uploads\/apfel-logo-braun-laitacherhof-klausen-50x34.png 50w, https:\/\/www.laitacherhof.it\/wp-content\/uploads\/apfel-logo-braun-laitacherhof-klausen-110x75.png 110w\" sizes=\"(max-width: 100px) 100vw, 100px\" \/><\/p>\n","protected":false},"excerpt":{"rendered":"<p>I nostri appartamenti Typ A Questi spaziosi appartamenti situati sul lato anteriore dell\u2019edificio offrono fino a 50 m\u00b2 di spazio per accogliere da 2 a 4<span class=\"excerpt-hellip\"> [\u2026]<\/span><\/p>\n","protected":false},"author":1,"featured_media":0,"parent":0,"menu_order":0,"comment_status":"closed","ping_status":"closed","template":"","meta":[],"yoast_head":"<!-- This site is optimized with the Yoast SEO plugin v19.7.1 - https:\/\/yoast.com\/wordpress\/plugins\/seo\/ -->\n<title>Appartamenti vacanze con sauna Laitacherhof: i prezzi<\/title>\n<meta name=\"description\" content=\"Sognate una vacanza di relax in un appartamento con sauna in Alto Adige? Cliccate qui per vedere i prezzi del Residence Laitacherhof in Valle Isarco.\" \/>\n<meta name=\"robots\" content=\"index, follow, max-snippet:-1, max-image-preview:large, max-video-preview:-1\" \/>\n<link rel=\"canonical\" href=\"https:\/\/www.laitacherhof.it\/it\/appartamenti-typ-a\/\" \/>\n<script type=\"application\/ld+json\" class=\"yoast-schema-graph\">{\"@context\":\"https:\/\/schema.org\",\"@graph\":[{\"@type\":\"WebPage\",\"@id\":\"https:\/\/www.laitacherhof.it\/it\/appartamenti-typ-a\/\",\"url\":\"https:\/\/www.laitacherhof.it\/it\/appartamenti-typ-a\/\",\"name\":\"Appartamenti vacanze con sauna Laitacherhof: i prezzi\",\"isPartOf\":{\"@id\":\"https:\/\/www.laitacherhof.it\/#website\"},\"datePublished\":\"2018-05-25T08:55:14+00:00\",\"dateModified\":\"2019-04-09T12:50:19+00:00\",\"description\":\"Sognate una vacanza di relax in un appartamento con sauna in Alto Adige? Cliccate qui per vedere i prezzi del Residence Laitacherhof in Valle Isarco.\",\"breadcrumb\":{\"@id\":\"https:\/\/www.laitacherhof.it\/it\/appartamenti-typ-a\/#breadcrumb\"},\"inLanguage\":\"it-IT\",\"potentialAction\":[{\"@type\":\"ReadAction\",\"target\":[\"https:\/\/www.laitacherhof.it\/it\/appartamenti-typ-a\/\"]}]},{\"@type\":\"BreadcrumbList\",\"@id\":\"https:\/\/www.laitacherhof.it\/it\/appartamenti-typ-a\/#breadcrumb\",\"itemListElement\":[{\"@type\":\"ListItem\",\"position\":1,\"name\":\"Startseite\",\"item\":\"https:\/\/www.laitacherhof.it\/it\/\"},{\"@type\":\"ListItem\",\"position\":2,\"name\":\"Appartamenti Typ A\"}]},{\"@type\":\"WebSite\",\"@id\":\"https:\/\/www.laitacherhof.it\/#website\",\"url\":\"https:\/\/www.laitacherhof.it\/\",\"name\":\"Laitacherhof\",\"description\":\"Urlaub in S\u00fcdtirol\",\"publisher\":{\"@id\":\"https:\/\/www.laitacherhof.it\/#organization\"},\"potentialAction\":[{\"@type\":\"SearchAction\",\"target\":{\"@type\":\"EntryPoint\",\"urlTemplate\":\"https:\/\/www.laitacherhof.it\/?s={search_term_string}\"},\"query-input\":\"required name=search_term_string\"}],\"inLanguage\":\"it-IT\"},{\"@type\":\"Organization\",\"@id\":\"https:\/\/www.laitacherhof.it\/#organization\",\"name\":\"Residence Laitacherhof\",\"url\":\"https:\/\/www.laitacherhof.it\/\",\"sameAs\":[],\"logo\":{\"@type\":\"ImageObject\",\"inLanguage\":\"it-IT\",\"@id\":\"https:\/\/www.laitacherhof.it\/#\/schema\/logo\/image\/\",\"url\":\"https:\/\/www.laitacherhof.it\/wp-content\/uploads\/laitacherhof-logo-sw-e1509022359795.png\",\"contentUrl\":\"https:\/\/www.laitacherhof.it\/wp-content\/uploads\/laitacherhof-logo-sw-e1509022359795.png\",\"width\":396,\"height\":260,\"caption\":\"Residence Laitacherhof\"},\"image\":{\"@id\":\"https:\/\/www.laitacherhof.it\/#\/schema\/logo\/image\/\"}}]}<\/script>\n<!-- \/ Yoast SEO plugin. -->","yoast_head_json":{"title":"Appartamenti vacanze con sauna Laitacherhof: i prezzi","description":"Sognate una vacanza di relax in un appartamento con sauna in Alto Adige? Cliccate qui per vedere i prezzi del Residence Laitacherhof in Valle Isarco.","robots":{"index":"index","follow":"follow","max-snippet":"max-snippet:-1","max-image-preview":"max-image-preview:large","max-video-preview":"max-video-preview:-1"},"canonical":"https:\/\/www.laitacherhof.it\/it\/appartamenti-typ-a\/","schema":{"@context":"https:\/\/schema.org","@graph":[{"@type":"WebPage","@id":"https:\/\/www.laitacherhof.it\/it\/appartamenti-typ-a\/","url":"https:\/\/www.laitacherhof.it\/it\/appartamenti-typ-a\/","name":"Appartamenti vacanze con sauna Laitacherhof: i prezzi","isPartOf":{"@id":"https:\/\/www.laitacherhof.it\/#website"},"datePublished":"2018-05-25T08:55:14+00:00","dateModified":"2019-04-09T12:50:19+00:00","description":"Sognate una vacanza di relax in un appartamento con sauna in Alto Adige? Cliccate qui per vedere i prezzi del Residence Laitacherhof in Valle Isarco.","breadcrumb":{"@id":"https:\/\/www.laitacherhof.it\/it\/appartamenti-typ-a\/#breadcrumb"},"inLanguage":"it-IT","potentialAction":[{"@type":"ReadAction","target":["https:\/\/www.laitacherhof.it\/it\/appartamenti-typ-a\/"]}]},{"@type":"BreadcrumbList","@id":"https:\/\/www.laitacherhof.it\/it\/appartamenti-typ-a\/#breadcrumb","itemListElement":[{"@type":"ListItem","position":1,"name":"Startseite","item":"https:\/\/www.laitacherhof.it\/it\/"},{"@type":"ListItem","position":2,"name":"Appartamenti Typ A"}]},{"@type":"WebSite","@id":"https:\/\/www.laitacherhof.it\/#website","url":"https:\/\/www.laitacherhof.it\/","name":"Laitacherhof","description":"Urlaub in S\u00fcdtirol","publisher":{"@id":"https:\/\/www.laitacherhof.it\/#organization"},"potentialAction":[{"@type":"SearchAction","target":{"@type":"EntryPoint","urlTemplate":"https:\/\/www.laitacherhof.it\/?s={search_term_string}"},"query-input":"required name=search_term_string"}],"inLanguage":"it-IT"},{"@type":"Organization","@id":"https:\/\/www.laitacherhof.it\/#organization","name":"Residence Laitacherhof","url":"https:\/\/www.laitacherhof.it\/","sameAs":[],"logo":{"@type":"ImageObject","inLanguage":"it-IT","@id":"https:\/\/www.laitacherhof.it\/#\/schema\/logo\/image\/","url":"https:\/\/www.laitacherhof.it\/wp-content\/uploads\/laitacherhof-logo-sw-e1509022359795.png","contentUrl":"https:\/\/www.laitacherhof.it\/wp-content\/uploads\/laitacherhof-logo-sw-e1509022359795.png","width":396,"height":260,"caption":"Residence Laitacherhof"},"image":{"@id":"https:\/\/www.laitacherhof.it\/#\/schema\/logo\/image\/"}}]}},"_links":{"self":[{"href":"https:\/\/www.laitacherhof.it\/it\/wp-json\/wp\/v2\/pages\/657"}],"collection":[{"href":"https:\/\/www.laitacherhof.it\/it\/wp-json\/wp\/v2\/pages"}],"about":[{"href":"https:\/\/www.laitacherhof.it\/it\/wp-json\/wp\/v2\/types\/page"}],"author":[{"embeddable":true,"href":"https:\/\/www.laitacherhof.it\/it\/wp-json\/wp\/v2\/users\/1"}],"replies":[{"embeddable":true,"href":"https:\/\/www.laitacherhof.it\/it\/wp-json\/wp\/v2\/comments?post=657"}],"version-history":[{"count":4,"href":"https:\/\/www.laitacherhof.it\/it\/wp-json\/wp\/v2\/pages\/657\/revisions"}],"predecessor-version":[{"id":768,"href":"https:\/\/www.laitacherhof.it\/it\/wp-json\/wp\/v2\/pages\/657\/revisions\/768"}],"wp:attachment":[{"href":"https:\/\/www.laitacherhof.it\/it\/wp-json\/wp\/v2\/media?parent=657"}],"curies":[{"name":"wp","href":"https:\/\/api.w.org\/{rel}","templated":true}]}}